{"id":8,"date":"2017-03-14T10:18:59","date_gmt":"2017-03-14T10:18:59","guid":{"rendered":"http:\/\/hyllymestarit.fi\/wordpress\/?page_id=8"},"modified":"2024-10-25T18:22:23","modified_gmt":"2024-10-25T15:22:23","slug":"palvelumme","status":"publish","type":"page","link":"https:\/\/hyllymestarit.fi\/wordpress\/palvelumme\/","title":{"rendered":"Palvelumme"},"content":{"rendered":"<p><strong>Palvelumme<\/strong><\/p>\n<p>Varastokalusteiden asennus; kerros-, kuormalava-, syv\u00e4kuormaus-, uloke-, siirto- ja pientavarahyllyt sek\u00e4 myym\u00e4l\u00e4kalusteet.<\/p>\n<ul>\n<li>N\u00e4ihin liittyv\u00e4t purku-, siirto-, kuljetus- ja uudelleenasennukset<\/li>\n<li>Varasto- ja materiaalink\u00e4sittelylaitteiden asennus<\/li>\n<li>Osoitekilpien, osoitetarrojen, toimitus ja asennus (my\u00f6s viivakoodeilla)<\/li>\n<li>Lis\u00e4varusteiden asennus, kuntotarkastus, vaurioiden korjaus<\/li>\n<li>Turvavarusteiden asennus (t\u00f6rm\u00e4yssuojat, verkkosuojasein\u00e4t)<\/li>\n<li>Laitesuojaverkkojen asennus<\/li>\n<li>Ty\u00f6pistekalusteiden asennusty\u00f6t<\/li>\n<li>Pienvarastojen asennus elementeist\u00e4<\/li>\n<li>Irtain\/verkkovarastojen asennus<\/li>\n<\/ul>\n","protected":false},"excerpt":{"rendered":"<p>Palvelumme Varastokalusteiden asennus; kerros-, kuormalava-, syv\u00e4kuormaus-, uloke-, siirto- ja pientavarahyllyt sek\u00e4 myym\u00e4l\u00e4kalusteet. N\u00e4ihin liittyv\u00e4t purku-, siirto-, kuljetus- ja uudelleenasennukset Varasto- ja materiaalink\u00e4sittelylaitteiden asennus Osoitekilpien, osoitetarrojen, toimitus ja asennus (my\u00f6s viivakoodeilla) Lis\u00e4varusteiden asennus, kuntotarkastus, vaurioiden korjaus Turvavarusteiden asennus (t\u00f6rm\u00e4yssuojat, verkkosuojasein\u00e4t) Laitesuojaverkkojen &hellip; <a href=\"https:\/\/hyllymestarit.fi\/wordpress\/palvelumme\/\">Lue loppuun <span class=\"meta-nav\">&rarr;<\/span><\/a><\/p>\n","protected":false},"author":1,"featured_media":0,"parent":0,"menu_order":0,"comment_status":"closed","ping_status":"closed","template":"","meta":{"footnotes":""},"class_list":["post-8","page","type-page","status-publish","hentry"],"yoast_head":"<!-- This site is optimized with the Yoast SEO plugin v27.5 - https:\/\/yoast.com\/product\/yoast-seo-wordpress\/ -->\n<title>Palvelumme - Mittaus ja Asennus Hynninen Oy<\/title>\n<meta name=\"robots\" content=\"index, follow, max-snippet:-1, max-image-preview:large, max-video-preview:-1\" \/>\n<link rel=\"canonical\" href=\"https:\/\/hyllymestarit.fi\/wordpress\/palvelumme\/\" \/>\n<meta property=\"og:locale\" content=\"fi_FI\" \/>\n<meta property=\"og:type\" content=\"article\" \/>\n<meta property=\"og:title\" content=\"Palvelumme - Mittaus ja Asennus Hynninen Oy\" \/>\n<meta property=\"og:description\" content=\"Palvelumme Varastokalusteiden asennus; kerros-, kuormalava-, syv\u00e4kuormaus-, uloke-, siirto- ja pientavarahyllyt sek\u00e4 myym\u00e4l\u00e4kalusteet. N\u00e4ihin liittyv\u00e4t purku-, siirto-, kuljetus- ja uudelleenasennukset Varasto- ja materiaalink\u00e4sittelylaitteiden asennus Osoitekilpien, osoitetarrojen, toimitus ja asennus (my\u00f6s viivakoodeilla) Lis\u00e4varusteiden asennus, kuntotarkastus, vaurioiden korjaus Turvavarusteiden asennus (t\u00f6rm\u00e4yssuojat, verkkosuojasein\u00e4t) Laitesuojaverkkojen &hellip; Lue loppuun &rarr;\" \/>\n<meta property=\"og:url\" content=\"https:\/\/hyllymestarit.fi\/wordpress\/palvelumme\/\" \/>\n<meta property=\"og:site_name\" content=\"Mittaus ja Asennus Hynninen Oy\" \/>\n<meta property=\"article:modified_time\" content=\"2024-10-25T15:22:23+00:00\" \/>\n<meta name=\"twitter:card\" content=\"summary_large_image\" \/>\n<meta name=\"twitter:label1\" content=\"Arvioitu lukuaika\" \/>\n\t<meta name=\"twitter:data1\" content=\"1 minuutti\" \/>\n<script type=\"application\/ld+json\" class=\"yoast-schema-graph\">{\"@context\":\"https:\\\/\\\/schema.org\",\"@graph\":[{\"@type\":\"WebPage\",\"@id\":\"https:\\\/\\\/hyllymestarit.fi\\\/wordpress\\\/palvelumme\\\/\",\"url\":\"https:\\\/\\\/hyllymestarit.fi\\\/wordpress\\\/palvelumme\\\/\",\"name\":\"Palvelumme - Mittaus ja Asennus Hynninen Oy\",\"isPartOf\":{\"@id\":\"https:\\\/\\\/hyllymestarit.fi\\\/wordpress\\\/#website\"},\"datePublished\":\"2017-03-14T10:18:59+00:00\",\"dateModified\":\"2024-10-25T15:22:23+00:00\",\"breadcrumb\":{\"@id\":\"https:\\\/\\\/hyllymestarit.fi\\\/wordpress\\\/palvelumme\\\/#breadcrumb\"},\"inLanguage\":\"fi\",\"potentialAction\":[{\"@type\":\"ReadAction\",\"target\":[\"https:\\\/\\\/hyllymestarit.fi\\\/wordpress\\\/palvelumme\\\/\"]}]},{\"@type\":\"BreadcrumbList\",\"@id\":\"https:\\\/\\\/hyllymestarit.fi\\\/wordpress\\\/palvelumme\\\/#breadcrumb\",\"itemListElement\":[{\"@type\":\"ListItem\",\"position\":1,\"name\":\"Home\",\"item\":\"https:\\\/\\\/hyllymestarit.fi\\\/wordpress\\\/\"},{\"@type\":\"ListItem\",\"position\":2,\"name\":\"Palvelumme\"}]},{\"@type\":\"WebSite\",\"@id\":\"https:\\\/\\\/hyllymestarit.fi\\\/wordpress\\\/#website\",\"url\":\"https:\\\/\\\/hyllymestarit.fi\\\/wordpress\\\/\",\"name\":\"Mittaus ja Asennus Hynninen Oy\",\"description\":\"Sis\u00e4logistiikan asennusten asiantuntija\",\"potentialAction\":[{\"@type\":\"SearchAction\",\"target\":{\"@type\":\"EntryPoint\",\"urlTemplate\":\"https:\\\/\\\/hyllymestarit.fi\\\/wordpress\\\/?s={search_term_string}\"},\"query-input\":{\"@type\":\"PropertyValueSpecification\",\"valueRequired\":true,\"valueName\":\"search_term_string\"}}],\"inLanguage\":\"fi\"}]}<\/script>\n<!-- \/ Yoast SEO plugin. -->","yoast_head_json":{"title":"Palvelumme - Mittaus ja Asennus Hynninen Oy","robots":{"index":"index","follow":"follow","max-snippet":"max-snippet:-1","max-image-preview":"max-image-preview:large","max-video-preview":"max-video-preview:-1"},"canonical":"https:\/\/hyllymestarit.fi\/wordpress\/palvelumme\/","og_locale":"fi_FI","og_type":"article","og_title":"Palvelumme - Mittaus ja Asennus Hynninen Oy","og_description":"Palvelumme Varastokalusteiden asennus; kerros-, kuormalava-, syv\u00e4kuormaus-, uloke-, siirto- ja pientavarahyllyt sek\u00e4 myym\u00e4l\u00e4kalusteet. N\u00e4ihin liittyv\u00e4t purku-, siirto-, kuljetus- ja uudelleenasennukset Varasto- ja materiaalink\u00e4sittelylaitteiden asennus Osoitekilpien, osoitetarrojen, toimitus ja asennus (my\u00f6s viivakoodeilla) Lis\u00e4varusteiden asennus, kuntotarkastus, vaurioiden korjaus Turvavarusteiden asennus (t\u00f6rm\u00e4yssuojat, verkkosuojasein\u00e4t) Laitesuojaverkkojen &hellip; Lue loppuun &rarr;","og_url":"https:\/\/hyllymestarit.fi\/wordpress\/palvelumme\/","og_site_name":"Mittaus ja Asennus Hynninen Oy","article_modified_time":"2024-10-25T15:22:23+00:00","twitter_card":"summary_large_image","twitter_misc":{"Arvioitu lukuaika":"1 minuutti"},"schema":{"@context":"https:\/\/schema.org","@graph":[{"@type":"WebPage","@id":"https:\/\/hyllymestarit.fi\/wordpress\/palvelumme\/","url":"https:\/\/hyllymestarit.fi\/wordpress\/palvelumme\/","name":"Palvelumme - Mittaus ja Asennus Hynninen Oy","isPartOf":{"@id":"https:\/\/hyllymestarit.fi\/wordpress\/#website"},"datePublished":"2017-03-14T10:18:59+00:00","dateModified":"2024-10-25T15:22:23+00:00","breadcrumb":{"@id":"https:\/\/hyllymestarit.fi\/wordpress\/palvelumme\/#breadcrumb"},"inLanguage":"fi","potentialAction":[{"@type":"ReadAction","target":["https:\/\/hyllymestarit.fi\/wordpress\/palvelumme\/"]}]},{"@type":"BreadcrumbList","@id":"https:\/\/hyllymestarit.fi\/wordpress\/palvelumme\/#breadcrumb","itemListElement":[{"@type":"ListItem","position":1,"name":"Home","item":"https:\/\/hyllymestarit.fi\/wordpress\/"},{"@type":"ListItem","position":2,"name":"Palvelumme"}]},{"@type":"WebSite","@id":"https:\/\/hyllymestarit.fi\/wordpress\/#website","url":"https:\/\/hyllymestarit.fi\/wordpress\/","name":"Mittaus ja Asennus Hynninen Oy","description":"Sis\u00e4logistiikan asennusten asiantuntija","potentialAction":[{"@type":"SearchAction","target":{"@type":"EntryPoint","urlTemplate":"https:\/\/hyllymestarit.fi\/wordpress\/?s={search_term_string}"},"query-input":{"@type":"PropertyValueSpecification","valueRequired":true,"valueName":"search_term_string"}}],"inLanguage":"fi"}]}},"jetpack_sharing_enabled":true,"jetpack_shortlink":"https:\/\/wp.me\/P8mabI-8","jetpack-related-posts":[{"id":487,"url":"https:\/\/hyllymestarit.fi\/wordpress\/irtainvarastot-2\/","url_meta":{"origin":8,"position":0},"title":"Irtainvarastot","author":"jarmoh","date":"25.10.2024","format":false,"excerpt":"Teemme irtainvarastojen suunnittelun, toimituksen ja asennukset ruotsalaisen Axelent SafeX Ab:n irtainvarastojen verkkomateriaaleista. Aina ei ole mahdollista korvata vanhoja irtainvarastoja kokonaan uusilla metalliverkkovarastoilla tai se koetaan liian vaikeaksi. Jotain olisi kuitenkin tarve tehd\u00e4: Ongelma\u00a0 Irtainvarastot, verkkokopit, verkkokomerot, verkkoh\u00e4kit \u2013 rakkaalla lapsella on monta nime\u00e4, nuo penteleet kerros- ja rivitalojen kellareissa ja\u2026","rel":"","context":"Samankaltainen artikkeli","block_context":{"text":"Samankaltainen artikkeli","link":""},"img":{"alt_text":"","src":"","width":0,"height":0},"classes":[]},{"id":59,"url":"https:\/\/hyllymestarit.fi\/wordpress\/","url_meta":{"origin":8,"position":1},"title":"Olemme vuonna 2006 perustettu irtainvarastojen,\u2026","author":"jarmoh","date":"14.3.2017","format":false,"excerpt":"Olemme vuonna 2006 perustettu irtainvarastojen, varasto- ja ty\u00f6pistekalusteiden asennusyritys. Meist\u00e4 saat osaavan ja luotettavan kumppanin vaativiinkin\u00a0varastokalusteiden, ty\u00f6pistekalusteiden ja irtainvarastojen\u00a0asennust\u00f6ihin. Palvelun laatu ja asennusten selkeys on meille ykk\u00f6sasia. Jos toimituksissa on virheit\u00e4 tai puutteita, selvit\u00e4mme asiat suoraan toimittajan kanssa, selvit\u00e4mme vaihtoehdot ja kerromme ratkaisun. Asennukset Erilaisten arkisto- ja varastokalusteiden, kuten kuormalava-,\u2026","rel":"","context":"Samankaltainen artikkeli","block_context":{"text":"Samankaltainen artikkeli","link":""},"img":{"alt_text":"","src":"https:\/\/i0.wp.com\/hyllymestarit.fi\/wordpress\/wp-content\/uploads\/2024\/10\/TEXTLEFT_WHITE_1080x265.png?resize=350%2C200","width":350,"height":200,"srcset":"https:\/\/i0.wp.com\/hyllymestarit.fi\/wordpress\/wp-content\/uploads\/2024\/10\/TEXTLEFT_WHITE_1080x265.png?resize=350%2C200 1x, https:\/\/i0.wp.com\/hyllymestarit.fi\/wordpress\/wp-content\/uploads\/2024\/10\/TEXTLEFT_WHITE_1080x265.png?resize=525%2C300 1.5x, https:\/\/i0.wp.com\/hyllymestarit.fi\/wordpress\/wp-content\/uploads\/2024\/10\/TEXTLEFT_WHITE_1080x265.png?resize=700%2C400 2x, https:\/\/i0.wp.com\/hyllymestarit.fi\/wordpress\/wp-content\/uploads\/2024\/10\/TEXTLEFT_WHITE_1080x265.png?resize=1050%2C600 3x"},"classes":[]},{"id":310,"url":"https:\/\/hyllymestarit.fi\/wordpress\/hyllystotarkastukset\/","url_meta":{"origin":8,"position":2},"title":"Hyllyst\u00f6tarkastukset","author":"jarmoh","date":"20.3.2020","format":false,"excerpt":"Kuormalavahyllyst\u00f6jen tarkastukset\u00a0 Teemme kuormalavahyllyst\u00f6jen tarkastuksia standardin SFS-EN 15635 mukaisesti. Kuormalavahyllyt on tarkastettava s\u00e4\u00e4nn\u00f6llisesti ja tarkastus on dokumentoitava asianmukaisesti: Ensimm\u00e4inen tarkastus on asennuksen j\u00e4lkeinen vastaanottotarkastus Oman henkil\u00f6st\u00f6n voimin s\u00e4\u00e4nn\u00f6llisesti kuormalavahyllyst\u00f6n k\u00e4ytt\u00f6asteen mukaisesti esim. viikoittain tai kuukausittain Tarkastusteht\u00e4v\u00e4\u00e4n p\u00e4tev\u00e4n henkil\u00f6st\u00f6n (sis\u00e4inen tai ulkoinen) toimesta perusteellinen tarkastus 12 kk v\u00e4lein Jokaisessa em. vaiheessa\u2026","rel":"","context":"Samankaltainen artikkeli","block_context":{"text":"Samankaltainen artikkeli","link":""},"img":{"alt_text":"HT-esittely","src":"https:\/\/i0.wp.com\/hyllymestarit.fi\/wordpress\/wp-content\/uploads\/2020\/03\/HT-esittely.jpg?resize=350%2C200","width":350,"height":200,"srcset":"https:\/\/i0.wp.com\/hyllymestarit.fi\/wordpress\/wp-content\/uploads\/2020\/03\/HT-esittely.jpg?resize=350%2C200 1x, https:\/\/i0.wp.com\/hyllymestarit.fi\/wordpress\/wp-content\/uploads\/2020\/03\/HT-esittely.jpg?resize=525%2C300 1.5x, https:\/\/i0.wp.com\/hyllymestarit.fi\/wordpress\/wp-content\/uploads\/2020\/03\/HT-esittely.jpg?resize=700%2C400 2x"},"classes":[]}],"_links":{"self":[{"href":"https:\/\/hyllymestarit.fi\/wordpress\/wp-json\/wp\/v2\/pages\/8","targetHints":{"allow":["GET"]}}],"collection":[{"href":"https:\/\/hyllymestarit.fi\/wordpress\/wp-json\/wp\/v2\/pages"}],"about":[{"href":"https:\/\/hyllymestarit.fi\/wordpress\/wp-json\/wp\/v2\/types\/page"}],"author":[{"embeddable":true,"href":"https:\/\/hyllymestarit.fi\/wordpress\/wp-json\/wp\/v2\/users\/1"}],"replies":[{"embeddable":true,"href":"https:\/\/hyllymestarit.fi\/wordpress\/wp-json\/wp\/v2\/comments?post=8"}],"version-history":[{"count":8,"href":"https:\/\/hyllymestarit.fi\/wordpress\/wp-json\/wp\/v2\/pages\/8\/revisions"}],"predecessor-version":[{"id":493,"href":"https:\/\/hyllymestarit.fi\/wordpress\/wp-json\/wp\/v2\/pages\/8\/revisions\/493"}],"wp:attachment":[{"href":"https:\/\/hyllymestarit.fi\/wordpress\/wp-json\/wp\/v2\/media?parent=8"}],"curies":[{"name":"wp","href":"https:\/\/api.w.org\/{rel}","templated":true}]}}