{"id":487,"date":"2024-10-25T18:11:49","date_gmt":"2024-10-25T15:11:49","guid":{"rendered":"https:\/\/hyllymestarit.fi\/wordpress\/?page_id=487"},"modified":"2024-10-25T19:37:40","modified_gmt":"2024-10-25T16:37:40","slug":"irtainvarastot-2","status":"publish","type":"page","link":"https:\/\/hyllymestarit.fi\/wordpress\/irtainvarastot-2\/","title":{"rendered":"Irtainvarastot"},"content":{"rendered":"<p>Teemme irtainvarastojen suunnittelun, toimituksen ja asennukset ruotsalaisen Axelent SafeX Ab:n irtainvarastojen verkkomateriaaleista. Aina ei ole mahdollista korvata vanhoja irtainvarastoja kokonaan uusilla metalliverkkovarastoilla tai se koetaan liian vaikeaksi. Jotain olisi kuitenkin tarve tehd\u00e4:<\/p>\n<p><strong>Ongelma\u00a0<\/strong><\/p>\n<p>Irtainvarastot, verkkokopit, verkkokomerot, verkkoh\u00e4kit \u2013 rakkaalla lapsella on monta nime\u00e4, nuo penteleet kerros- ja rivitalojen kellareissa ja v\u00e4est\u00f6nsuojissa. Puusta tehdyt kanah\u00e4kkiverkoista rakennetut. Niihin murtaudutaan l\u00e4hes s\u00e4\u00e4nn\u00f6llisen ep\u00e4s\u00e4\u00e4nn\u00f6llisesti ja sen seurauksena niit\u00e4 korjataan koko ajan. Jatkuvia korjauskustannuksia ja taistelua vakuutusyhti\u00f6iden kanssa korvausvelvollisuuksista. Kustannukset paisuvat ja asukaat huutavat naama punaisena is\u00e4nn\u00f6itsij\u00e4lle ja huoltoyhti\u00f6lle.<\/p>\n<p>Irtainvarastot pit\u00e4isi korjata j\u00e4rkev\u00e4sti metalliverkkorunkoisiksi, mutta miten saada varastojen tavaroille v\u00e4ist\u00f6tilat, kuka hoitaa, kun asukas ei halua tai pysty siirt\u00e4m\u00e4\u00e4n tavaroitaan v\u00e4ist\u00f6tiloihin \u2013 jos v\u00e4ist\u00f6tilaa edes voidaan j\u00e4rjest\u00e4\u00e4 \u2013 ei ole tiloja k\u00e4ytett\u00e4viss\u00e4?<\/p>\n<p><strong>Ratkaisu\u00a0<\/strong><\/p>\n<p>Meill\u00e4 Mittaus ja Asennus Hynninen Oy:ll\u00e4 saattaa olla t\u00e4h\u00e4n toimiva, koeteltu ja yksinkertainen ratkaisu; vaihdetaan vain k\u00e4yt\u00e4v\u00e4sein\u00e4t ja ovet ter\u00e4sverkkoelementteihin. N\u00e4in asukkaiden tavarat voivat olla varastoissa asennuksen ajan. Lis\u00e4ksi kun taloyhti\u00f6 j\u00e4rjest\u00e4\u00e4 uudet asuntokohtaiset asuntojen mukaan sarjoitetut lukot voidaan asennus suorittaa asukkaita vaivaamatta. Vanhat asukkaiden omat lukot voidaan irrottaa ja j\u00e4tt\u00e4\u00e4 varastojen sis\u00e4\u00e4n, josta asukas voi ne ottaa muuhun k\u00e4ytt\u00f6\u00f6n. Kustannustehokasta, helppoa ja vaivatonta.<\/p>\n<p><strong>Toiminta\u00a0<\/strong><\/p>\n<p>Jokaisen irtainvarastoratkaisun ollessa omanlaisensa on aina ennen edell\u00e4 mainittua muutosty\u00f6t\u00e4 tarkastettava olemassa olevien ja mahdollisesti j\u00e4ljelle j\u00e4\u00e4vien v\u00e4liseinien rakenne sek\u00e4 niiden kunto ja k\u00e4ytett\u00e4vyys. V\u00e4liseinien verkot saattavat olla irronneet v\u00e4\u00e4rin lastattujen tavaroiden painosta tai muusta syyst\u00e4 ja ne on my\u00f6s korjattava ennen verkkoelementtien asennusta. Korjausten j\u00e4lkeen etuseinien asennus sujuu jouheasti.<\/p>\n<p>Etuseinien suunnitteluun piirr\u00e4mme aina suunnittelukuvat materiaali- ja tarjouslaskennan avuksi ja lopuksi hyv\u00e4ksytyt kuvat tulostamme asentajille asennuksen toteutukseen.<\/p>\n<p><strong>Miten homma hoidetaan?\u00a0<\/strong><\/p>\n<p>Tulemme paikan p\u00e4\u00e4lle kohteeseen tarkastamaan tilanteen ja tarpeet. Mittaamme ja arvioimme ty\u00f6n laajuuden sek\u00e4 piirr\u00e4mme suunnitelmakuvan ja n\u00e4iden pohjalta teemme suunnitelman, tarjouksen materiaaleista ja asennusty\u00f6st\u00e4 avaimet k\u00e4teen periaatteella. Ty\u00f6n teemme itse kotimaisilla asentajilla.<\/p>\n<p><strong>Hy\u00f6dyt\u00a0<\/strong><\/p>\n<p>Puiset ja umpisein\u00e4iset rakenteet houkuttelevat usein sis\u00e4ll\u00f6st\u00e4 kiinnostuneita rikkomaan seini\u00e4 tai ovia n\u00e4hd\u00e4kseen onko irtainvaraston sis\u00e4ll\u00e4 jotakin kiinnostavaa. Metalliverkkoseinien l\u00e4pi n\u00e4hd\u00e4\u00e4n suoraan, rikkomatta, onko varaston sis\u00e4ll\u00e4 mit\u00e4\u00e4n kiinnostavaa \u2013 ei ole tarvetta rikkoa rakenteita. Usein my\u00f6s puusta rakennettujen varastojen sis\u00e4ll\u00e4 on pime\u00e4\u00e4 ja asukkaan saattaa olla hankalaa asetella omia tavaroita j\u00e4rkev\u00e4sti varaston sis\u00e4lle. Metalliverkkosein\u00e4t ja ovet p\u00e4\u00e4st\u00e4v\u00e4t valon sis\u00e4lle ja niiden ollessa maalattuina vaalean harmaaksi (RAL 9018 harmaa) my\u00f6s yleisvalaistus tuntuu kirkkaammalta kuin ennen.<\/p>\n<p><a href=\"https:\/\/hyllymestarit.fi\/wordpress\/irtainvarastot-2\/irtainvarastot\/\">Malleja toteutetuista varastoista<\/a>.<\/p>\n","protected":false},"excerpt":{"rendered":"<p>Teemme irtainvarastojen suunnittelun, toimituksen ja asennukset ruotsalaisen Axelent SafeX Ab:n irtainvarastojen verkkomateriaaleista. Aina ei ole mahdollista korvata vanhoja irtainvarastoja kokonaan uusilla metalliverkkovarastoilla tai se koetaan liian vaikeaksi. Jotain olisi kuitenkin tarve tehd\u00e4: Ongelma\u00a0 Irtainvarastot, verkkokopit, verkkokomerot, verkkoh\u00e4kit \u2013 rakkaalla lapsella &hellip; <a href=\"https:\/\/hyllymestarit.fi\/wordpress\/irtainvarastot-2\/\">Lue loppuun <span class=\"meta-nav\">&rarr;<\/span><\/a><\/p>\n","protected":false},"author":1,"featured_media":0,"parent":0,"menu_order":0,"comment_status":"closed","ping_status":"closed","template":"","meta":{"footnotes":""},"class_list":["post-487","page","type-page","status-publish","hentry"],"yoast_head":"<!-- This site is optimized with the Yoast SEO plugin v27.5 - https:\/\/yoast.com\/product\/yoast-seo-wordpress\/ -->\n<title>Irtainvarastot - Mittaus ja Asennus Hynninen Oy<\/title>\n<meta name=\"robots\" content=\"index, follow, max-snippet:-1, max-image-preview:large, max-video-preview:-1\" \/>\n<link rel=\"canonical\" href=\"https:\/\/hyllymestarit.fi\/wordpress\/irtainvarastot-2\/\" \/>\n<meta property=\"og:locale\" content=\"fi_FI\" \/>\n<meta property=\"og:type\" content=\"article\" \/>\n<meta property=\"og:title\" content=\"Irtainvarastot - Mittaus ja Asennus Hynninen Oy\" \/>\n<meta property=\"og:description\" content=\"Teemme irtainvarastojen suunnittelun, toimituksen ja asennukset ruotsalaisen Axelent SafeX Ab:n irtainvarastojen verkkomateriaaleista. Aina ei ole mahdollista korvata vanhoja irtainvarastoja kokonaan uusilla metalliverkkovarastoilla tai se koetaan liian vaikeaksi. Jotain olisi kuitenkin tarve tehd\u00e4: Ongelma\u00a0 Irtainvarastot, verkkokopit, verkkokomerot, verkkoh\u00e4kit \u2013 rakkaalla lapsella &hellip; Lue loppuun &rarr;\" \/>\n<meta property=\"og:url\" content=\"https:\/\/hyllymestarit.fi\/wordpress\/irtainvarastot-2\/\" \/>\n<meta property=\"og:site_name\" content=\"Mittaus ja Asennus Hynninen Oy\" \/>\n<meta property=\"article:modified_time\" content=\"2024-10-25T16:37:40+00:00\" \/>\n<meta name=\"twitter:card\" content=\"summary_large_image\" \/>\n<meta name=\"twitter:label1\" content=\"Arvioitu lukuaika\" \/>\n\t<meta name=\"twitter:data1\" content=\"3 minuuttia\" \/>\n<script type=\"application\/ld+json\" class=\"yoast-schema-graph\">{\"@context\":\"https:\\\/\\\/schema.org\",\"@graph\":[{\"@type\":\"WebPage\",\"@id\":\"https:\\\/\\\/hyllymestarit.fi\\\/wordpress\\\/irtainvarastot-2\\\/\",\"url\":\"https:\\\/\\\/hyllymestarit.fi\\\/wordpress\\\/irtainvarastot-2\\\/\",\"name\":\"Irtainvarastot - Mittaus ja Asennus Hynninen Oy\",\"isPartOf\":{\"@id\":\"https:\\\/\\\/hyllymestarit.fi\\\/wordpress\\\/#website\"},\"datePublished\":\"2024-10-25T15:11:49+00:00\",\"dateModified\":\"2024-10-25T16:37:40+00:00\",\"breadcrumb\":{\"@id\":\"https:\\\/\\\/hyllymestarit.fi\\\/wordpress\\\/irtainvarastot-2\\\/#breadcrumb\"},\"inLanguage\":\"fi\",\"potentialAction\":[{\"@type\":\"ReadAction\",\"target\":[\"https:\\\/\\\/hyllymestarit.fi\\\/wordpress\\\/irtainvarastot-2\\\/\"]}]},{\"@type\":\"BreadcrumbList\",\"@id\":\"https:\\\/\\\/hyllymestarit.fi\\\/wordpress\\\/irtainvarastot-2\\\/#breadcrumb\",\"itemListElement\":[{\"@type\":\"ListItem\",\"position\":1,\"name\":\"Home\",\"item\":\"https:\\\/\\\/hyllymestarit.fi\\\/wordpress\\\/\"},{\"@type\":\"ListItem\",\"position\":2,\"name\":\"Irtainvarastot\"}]},{\"@type\":\"WebSite\",\"@id\":\"https:\\\/\\\/hyllymestarit.fi\\\/wordpress\\\/#website\",\"url\":\"https:\\\/\\\/hyllymestarit.fi\\\/wordpress\\\/\",\"name\":\"Mittaus ja Asennus Hynninen Oy\",\"description\":\"Sis\u00e4logistiikan asennusten asiantuntija\",\"potentialAction\":[{\"@type\":\"SearchAction\",\"target\":{\"@type\":\"EntryPoint\",\"urlTemplate\":\"https:\\\/\\\/hyllymestarit.fi\\\/wordpress\\\/?s={search_term_string}\"},\"query-input\":{\"@type\":\"PropertyValueSpecification\",\"valueRequired\":true,\"valueName\":\"search_term_string\"}}],\"inLanguage\":\"fi\"}]}<\/script>\n<!-- \/ Yoast SEO plugin. -->","yoast_head_json":{"title":"Irtainvarastot - Mittaus ja Asennus Hynninen Oy","robots":{"index":"index","follow":"follow","max-snippet":"max-snippet:-1","max-image-preview":"max-image-preview:large","max-video-preview":"max-video-preview:-1"},"canonical":"https:\/\/hyllymestarit.fi\/wordpress\/irtainvarastot-2\/","og_locale":"fi_FI","og_type":"article","og_title":"Irtainvarastot - Mittaus ja Asennus Hynninen Oy","og_description":"Teemme irtainvarastojen suunnittelun, toimituksen ja asennukset ruotsalaisen Axelent SafeX Ab:n irtainvarastojen verkkomateriaaleista. Aina ei ole mahdollista korvata vanhoja irtainvarastoja kokonaan uusilla metalliverkkovarastoilla tai se koetaan liian vaikeaksi. Jotain olisi kuitenkin tarve tehd\u00e4: Ongelma\u00a0 Irtainvarastot, verkkokopit, verkkokomerot, verkkoh\u00e4kit \u2013 rakkaalla lapsella &hellip; Lue loppuun &rarr;","og_url":"https:\/\/hyllymestarit.fi\/wordpress\/irtainvarastot-2\/","og_site_name":"Mittaus ja Asennus Hynninen Oy","article_modified_time":"2024-10-25T16:37:40+00:00","twitter_card":"summary_large_image","twitter_misc":{"Arvioitu lukuaika":"3 minuuttia"},"schema":{"@context":"https:\/\/schema.org","@graph":[{"@type":"WebPage","@id":"https:\/\/hyllymestarit.fi\/wordpress\/irtainvarastot-2\/","url":"https:\/\/hyllymestarit.fi\/wordpress\/irtainvarastot-2\/","name":"Irtainvarastot - Mittaus ja Asennus Hynninen Oy","isPartOf":{"@id":"https:\/\/hyllymestarit.fi\/wordpress\/#website"},"datePublished":"2024-10-25T15:11:49+00:00","dateModified":"2024-10-25T16:37:40+00:00","breadcrumb":{"@id":"https:\/\/hyllymestarit.fi\/wordpress\/irtainvarastot-2\/#breadcrumb"},"inLanguage":"fi","potentialAction":[{"@type":"ReadAction","target":["https:\/\/hyllymestarit.fi\/wordpress\/irtainvarastot-2\/"]}]},{"@type":"BreadcrumbList","@id":"https:\/\/hyllymestarit.fi\/wordpress\/irtainvarastot-2\/#breadcrumb","itemListElement":[{"@type":"ListItem","position":1,"name":"Home","item":"https:\/\/hyllymestarit.fi\/wordpress\/"},{"@type":"ListItem","position":2,"name":"Irtainvarastot"}]},{"@type":"WebSite","@id":"https:\/\/hyllymestarit.fi\/wordpress\/#website","url":"https:\/\/hyllymestarit.fi\/wordpress\/","name":"Mittaus ja Asennus Hynninen Oy","description":"Sis\u00e4logistiikan asennusten asiantuntija","potentialAction":[{"@type":"SearchAction","target":{"@type":"EntryPoint","urlTemplate":"https:\/\/hyllymestarit.fi\/wordpress\/?s={search_term_string}"},"query-input":{"@type":"PropertyValueSpecification","valueRequired":true,"valueName":"search_term_string"}}],"inLanguage":"fi"}]}},"jetpack_sharing_enabled":true,"jetpack_shortlink":"https:\/\/wp.me\/P8mabI-7R","jetpack-related-posts":[{"id":310,"url":"https:\/\/hyllymestarit.fi\/wordpress\/hyllystotarkastukset\/","url_meta":{"origin":487,"position":0},"title":"Hyllyst\u00f6tarkastukset","author":"jarmoh","date":"20.3.2020","format":false,"excerpt":"Kuormalavahyllyst\u00f6jen tarkastukset\u00a0 Teemme kuormalavahyllyst\u00f6jen tarkastuksia standardin SFS-EN 15635 mukaisesti. Kuormalavahyllyt on tarkastettava s\u00e4\u00e4nn\u00f6llisesti ja tarkastus on dokumentoitava asianmukaisesti: Ensimm\u00e4inen tarkastus on asennuksen j\u00e4lkeinen vastaanottotarkastus Oman henkil\u00f6st\u00f6n voimin s\u00e4\u00e4nn\u00f6llisesti kuormalavahyllyst\u00f6n k\u00e4ytt\u00f6asteen mukaisesti esim. viikoittain tai kuukausittain Tarkastusteht\u00e4v\u00e4\u00e4n p\u00e4tev\u00e4n henkil\u00f6st\u00f6n (sis\u00e4inen tai ulkoinen) toimesta perusteellinen tarkastus 12 kk v\u00e4lein Jokaisessa em. vaiheessa\u2026","rel":"","context":"Samankaltainen artikkeli","block_context":{"text":"Samankaltainen artikkeli","link":""},"img":{"alt_text":"HT-esittely","src":"https:\/\/i0.wp.com\/hyllymestarit.fi\/wordpress\/wp-content\/uploads\/2020\/03\/HT-esittely.jpg?resize=350%2C200","width":350,"height":200,"srcset":"https:\/\/i0.wp.com\/hyllymestarit.fi\/wordpress\/wp-content\/uploads\/2020\/03\/HT-esittely.jpg?resize=350%2C200 1x, https:\/\/i0.wp.com\/hyllymestarit.fi\/wordpress\/wp-content\/uploads\/2020\/03\/HT-esittely.jpg?resize=525%2C300 1.5x, https:\/\/i0.wp.com\/hyllymestarit.fi\/wordpress\/wp-content\/uploads\/2020\/03\/HT-esittely.jpg?resize=700%2C400 2x"},"classes":[]}],"_links":{"self":[{"href":"https:\/\/hyllymestarit.fi\/wordpress\/wp-json\/wp\/v2\/pages\/487","targetHints":{"allow":["GET"]}}],"collection":[{"href":"https:\/\/hyllymestarit.fi\/wordpress\/wp-json\/wp\/v2\/pages"}],"about":[{"href":"https:\/\/hyllymestarit.fi\/wordpress\/wp-json\/wp\/v2\/types\/page"}],"author":[{"embeddable":true,"href":"https:\/\/hyllymestarit.fi\/wordpress\/wp-json\/wp\/v2\/users\/1"}],"replies":[{"embeddable":true,"href":"https:\/\/hyllymestarit.fi\/wordpress\/wp-json\/wp\/v2\/comments?post=487"}],"version-history":[{"count":2,"href":"https:\/\/hyllymestarit.fi\/wordpress\/wp-json\/wp\/v2\/pages\/487\/revisions"}],"predecessor-version":[{"id":497,"href":"https:\/\/hyllymestarit.fi\/wordpress\/wp-json\/wp\/v2\/pages\/487\/revisions\/497"}],"wp:attachment":[{"href":"https:\/\/hyllymestarit.fi\/wordpress\/wp-json\/wp\/v2\/media?parent=487"}],"curies":[{"name":"wp","href":"https:\/\/api.w.org\/{rel}","templated":true}]}}