{"id":310,"date":"2020-03-20T10:16:47","date_gmt":"2020-03-20T08:16:47","guid":{"rendered":"http:\/\/hyllymestarit.fi\/wordpress\/?page_id=310"},"modified":"2024-10-25T18:07:59","modified_gmt":"2024-10-25T15:07:59","slug":"hyllystotarkastukset","status":"publish","type":"page","link":"https:\/\/hyllymestarit.fi\/wordpress\/hyllystotarkastukset\/","title":{"rendered":"Hyllyst\u00f6tarkastukset"},"content":{"rendered":"<p><img data-recalc-dims=\"1\" loading=\"lazy\" decoding=\"async\" data-attachment-id=\"312\" data-permalink=\"https:\/\/hyllymestarit.fi\/wordpress\/hyllystotarkastukset\/ht-esittely-2\/\" data-orig-file=\"https:\/\/i0.wp.com\/hyllymestarit.fi\/wordpress\/wp-content\/uploads\/2020\/03\/HT-esittely.jpg?fit=1024%2C724&amp;ssl=1\" data-orig-size=\"1024,724\" data-comments-opened=\"1\" data-image-meta=\"{&quot;aperture&quot;:&quot;0&quot;,&quot;credit&quot;:&quot;Jarmo Hynninen&quot;,&quot;camera&quot;:&quot;&quot;,&quot;caption&quot;:&quot;&quot;,&quot;created_timestamp&quot;:&quot;0&quot;,&quot;copyright&quot;:&quot;&quot;,&quot;focal_length&quot;:&quot;0&quot;,&quot;iso&quot;:&quot;0&quot;,&quot;shutter_speed&quot;:&quot;0&quot;,&quot;title&quot;:&quot;HT-esittely&quot;,&quot;orientation&quot;:&quot;0&quot;}\" data-image-title=\"HT-esittely\" data-image-description=\"\" data-image-caption=\"\" data-large-file=\"https:\/\/i0.wp.com\/hyllymestarit.fi\/wordpress\/wp-content\/uploads\/2020\/03\/HT-esittely.jpg?fit=584%2C413&amp;ssl=1\" class=\"alignnone size-full wp-image-312\" src=\"https:\/\/i0.wp.com\/hyllymestarit.fi\/wordpress\/wp-content\/uploads\/2020\/03\/HT-esittely.jpg?resize=584%2C413&#038;ssl=1\" alt=\"HT-esittely\" width=\"584\" height=\"413\" srcset=\"https:\/\/i0.wp.com\/hyllymestarit.fi\/wordpress\/wp-content\/uploads\/2020\/03\/HT-esittely.jpg?w=1024&amp;ssl=1 1024w, https:\/\/i0.wp.com\/hyllymestarit.fi\/wordpress\/wp-content\/uploads\/2020\/03\/HT-esittely.jpg?resize=300%2C212&amp;ssl=1 300w, https:\/\/i0.wp.com\/hyllymestarit.fi\/wordpress\/wp-content\/uploads\/2020\/03\/HT-esittely.jpg?resize=768%2C543&amp;ssl=1 768w, https:\/\/i0.wp.com\/hyllymestarit.fi\/wordpress\/wp-content\/uploads\/2020\/03\/HT-esittely.jpg?resize=424%2C300&amp;ssl=1 424w\" sizes=\"auto, (max-width: 584px) 100vw, 584px\" \/><\/p>\n<p><strong>Kuormalavahyllyst\u00f6jen tarkastukset\u00a0<\/strong><\/p>\n<p>Teemme kuormalavahyllyst\u00f6jen tarkastuksia standardin SFS-EN 15635 mukaisesti. Kuormalavahyllyt on tarkastettava s\u00e4\u00e4nn\u00f6llisesti ja tarkastus on dokumentoitava asianmukaisesti:<\/p>\n<ol>\n<li>Ensimm\u00e4inen tarkastus on asennuksen j\u00e4lkeinen vastaanottotarkastus<\/li>\n<li>Oman henkil\u00f6st\u00f6n voimin s\u00e4\u00e4nn\u00f6llisesti kuormalavahyllyst\u00f6n k\u00e4ytt\u00f6asteen mukaisesti esim. viikoittain tai kuukausittain<\/li>\n<li>Tarkastusteht\u00e4v\u00e4\u00e4n p\u00e4tev\u00e4n henkil\u00f6st\u00f6n (sis\u00e4inen tai ulkoinen) toimesta perusteellinen tarkastus 12 kk v\u00e4lein<\/li>\n<\/ol>\n<p>Jokaisessa em. vaiheessa on vauriot ja turvallisuuspuutteet kuten esim. v\u00e4\u00e4ntym\u00e4t, kolhut, kuormitustaulun puuttuminen jne. on dokumentoitava systemaattisesti. Tarkastuksissa my\u00f6s k\u00e4ytt\u00f6henkil\u00f6st\u00f6n on ymm\u00e4rrett\u00e4v\u00e4 vaurioluokitukset vihre\u00e4, oranssi, punainen ja niiden merkitykset seuraavasti:<\/p>\n<ul>\n<li><strong>Vihre\u00e4:\u00a0V\u00e4h\u00e4inen vaurio. Vauriosta on teht\u00e4v\u00e4 merkint\u00e4 tarkastusp\u00f6yt\u00e4kirjaan ja sit\u00e4 on seurattava tarkastusten yhteydess\u00e4.<\/strong><\/li>\n<li><strong>Oranssi:<\/strong>\u00a0<strong>Vaarallinen vaurio, joka vaatii korjausta, mutta ei v\u00e4lit\u00f6nt\u00e4 hyllyn tyhjent\u00e4mist\u00e4.<\/strong><\/li>\n<li><strong>Punainen:<\/strong>\u00a0<strong>Vakava vaurio, joka vaatii v\u00e4litt\u00f6mi\u00e4 toimenpiteit\u00e4. Tilanne vaatii hyllykuorman purkamisen ja hyllyst\u00f6n asettamisen k\u00e4ytt\u00f6kieltoon<\/strong>,\u00a0<strong>kunnes korjausty\u00f6t on suoritettu.<\/strong>\u00a0(L\u00e4hde Kasten \u2026)<\/li>\n<\/ul>\n<p>Tarkastuksessa havaitut vaurioituneet osat on p\u00e4\u00e4s\u00e4\u00e4nt\u00f6isesti hyllykalustevalmistajien ja toimittajien mukaan vaihdettava ja niit\u00e4 ei tule korjata esimerkiksi hitsaamalla.<\/p>\n<p><strong>Tarkastuksen suorittaminen:\u00a0<\/strong><\/p>\n<p>Varastohyllyjen tarkastus suoritetaan normaalisti lattiatasolta havainnoiden miss\u00e4 vauriot yleens\u00e4 tapahtuvat. Korkeammalla tarpeen mukaan teht\u00e4v\u00e4t tarkastukset suoritetaan asianmukaisella nostinlaitteella. Hyllyj\u00e4 ei ole tarpeen tyhjent\u00e4\u00e4 tarkastusta varten sill\u00e4 seuraavien tarkastusten yhteydess\u00e4 tulee ylemp\u00e4n\u00e4 oleva vaurio useimmiten esille. Vaurion laajuus mitataan ja toleranssin ylitt\u00e4v\u00e4t osuudet merkit\u00e4\u00e4n vaurioluokan mukaisesti.<\/p>\n<p><strong>Korjauspalvelu hyllytarkastusten pohjalta\u00a0<\/strong><\/p>\n<p>Teemme tarkastusraportin pohjalta, n\u00e4in sovittaessa tarjouksen korjaust\u00f6ist\u00e4 sek\u00e4 my\u00f6s\u00a0korjausty\u00f6n ja tarvittaessa hankimme sek\u00e4 toimitamme korjausmateriaalit. V\u00e4lit\u00f6nt\u00e4 korjausta vaativat vaurioiden korjaukset onnistuvat usein sopimuksen mukaan nopeastikin.<\/p>\n<p>Kuormalavahyllyst\u00f6n k\u00e4ytt\u00f6\u00f6n oleellisin ty\u00f6kalu on kuormitustaulu ja muut hyllyst\u00f6n kuormitusmerkinn\u00e4t. Ilman kuormitustaulua ylilastauksen vaara ja siit\u00e4 seuraava vaurioiden mahdollisuus on suuri. Valitettavan usein markkinoilta jo poistuneisiin hyllyst\u00f6ihin ei ole mahdollista saada kuormituskylttej\u00e4. Selvit\u00e4mme tarkastuksen pohjalta valmistajien ja toimittajien kanssa kuormituskylttien p\u00e4ivitt\u00e4misen ja saatavuuden sek\u00e4 toimitamme uudet, jos ne ovat saatavissa.<\/p>\n<p><strong>Hyllymuutokset\u00a0<\/strong><\/p>\n<p>Hyllyjen palkkitasojen muutoksissa on aina ymm\u00e4rrett\u00e4v\u00e4 muutosten vaikutus hyllyv\u00e4lin kantavuuteen. N\u00e4m\u00e4 tiedot ovat luettavissa kuormitustaulusta. Esim. alimman palkkitason poistaminen saattaa puolittaa koko hyllyv\u00e4lin kantavuuden. T\u00e4m\u00e4n vuoksi kuormitustaulu, sen antaman tiedon lukeminen ja ymm\u00e4rt\u00e4minen sek\u00e4 tarvittaessa kuormitustaulun p\u00e4ivitt\u00e4minen hyllyst\u00f6n muutosten j\u00e4lkeen valmistajalta on t\u00e4rke\u00e4\u00e4.<\/p>\n<p>Jokaisessa varastossa tulisi olla varastolaitteiden turvallisuudesta vastuussa olevaa henkil\u00f6 (PRSES). Kuormalavahyllyst\u00f6 on laeissa m\u00e4\u00e4ritelty varastolaitteeksi ja sit\u00e4 koskee lainmukaiset korjaus ja yll\u00e4pitovelvoitteet.<\/p>\n<p><strong>Hyllylayout\u00a0<\/strong><\/p>\n<p>Hyllyjen laajentamisen tai supistamisen apuna on hyv\u00e4 olla ajantasainen hyllyst\u00f6n layoutkuva. Layoutkuvan piirt\u00e4minen ja\/tai olemassa olevan kuvan p\u00e4ivitt\u00e4minen onnistuu meilt\u00e4 palveluna ja tehd\u00e4\u00e4n yleens\u00e4 osana hyllyst\u00f6tarkastusta.<\/p>\n<p><strong>Tarkastuksen t\u00e4rkeimm\u00e4t rakenteelliset n\u00e4k\u00f6kohdat ovat (SFS-EN 15635):\u00a0<\/strong><\/p>\n<ol>\n<li>a) iskun aiheuttamat vauriot rakenteisiin, erityisesti pylv\u00e4isiin ja vaakapalkkeihin kohdistuvat vahingot<\/li>\n<li>b) pylv\u00e4iden poikkeama pystysuoruudesta<\/li>\n<li>c) kaikkien osien kunto ja toimivuus, erityisesti aluslevyn ja vaakapalkin liitokset pylv\u00e4\u00e4seen<\/li>\n<li>d) halkeamat hitsiss\u00e4 tai perusmateriaaleissa<\/li>\n<li>e) rakennuksen lattian kunto<\/li>\n<li>f) kuorman asema kuormalavalla<\/li>\n<li>g) kuormankantov\u00e4lineiden paikka hyllyst\u00f6ss\u00e4 ja lattialla<\/li>\n<li>h) hyllyst\u00f6 on rakennettu asennusohjeiden mukaan.<\/li>\n<\/ol>\n<p>Muita tarkastettavia turvallisuuteen liittyvi\u00e4 asioita ovat:<\/p>\n<ol>\n<li>i) kuormitus- ja opastetaulut ovat esill\u00e4 ja p\u00e4ivitetty<\/li>\n<li>j) yksik\u00e4\u00e4n varastopaikka ei ole ylikuormitettu<\/li>\n<li>k) yksikk\u00f6kuormien vakaus on tyydytt\u00e4v\u00e4<\/li>\n<li>l) yksikk\u00f6kuormien mitat ovat tyydytt\u00e4vi\u00e4.<\/li>\n<\/ol>\n<p>Yll\u00e4 olevan pohjalta tarkastuksesta tehd\u00e4\u00e4n ja toimitetaan p\u00f6yt\u00e4kirja. Sen pohjalta on korjausosien hankinta ja korjaustoimenpiteet helppo suorittaa.<\/p>\n","protected":false},"excerpt":{"rendered":"<p>Kuormalavahyllyst\u00f6jen tarkastukset\u00a0 Teemme kuormalavahyllyst\u00f6jen tarkastuksia standardin SFS-EN 15635 mukaisesti. Kuormalavahyllyt on tarkastettava s\u00e4\u00e4nn\u00f6llisesti ja tarkastus on dokumentoitava asianmukaisesti: Ensimm\u00e4inen tarkastus on asennuksen j\u00e4lkeinen vastaanottotarkastus Oman henkil\u00f6st\u00f6n voimin s\u00e4\u00e4nn\u00f6llisesti kuormalavahyllyst\u00f6n k\u00e4ytt\u00f6asteen mukaisesti esim. viikoittain tai kuukausittain Tarkastusteht\u00e4v\u00e4\u00e4n p\u00e4tev\u00e4n henkil\u00f6st\u00f6n (sis\u00e4inen tai &hellip; <a href=\"https:\/\/hyllymestarit.fi\/wordpress\/hyllystotarkastukset\/\">Lue loppuun <span class=\"meta-nav\">&rarr;<\/span><\/a><\/p>\n","protected":false},"author":1,"featured_media":0,"parent":0,"menu_order":0,"comment_status":"closed","ping_status":"closed","template":"","meta":{"footnotes":""},"class_list":["post-310","page","type-page","status-publish","hentry"],"yoast_head":"<!-- This site is optimized with the Yoast SEO plugin v27.5 - https:\/\/yoast.com\/product\/yoast-seo-wordpress\/ -->\n<title>Hyllyst\u00f6tarkastukset - Mittaus ja Asennus Hynninen Oy<\/title>\n<meta name=\"robots\" content=\"index, follow, max-snippet:-1, max-image-preview:large, max-video-preview:-1\" \/>\n<link rel=\"canonical\" href=\"https:\/\/hyllymestarit.fi\/wordpress\/hyllystotarkastukset\/\" \/>\n<meta property=\"og:locale\" content=\"fi_FI\" \/>\n<meta property=\"og:type\" content=\"article\" \/>\n<meta property=\"og:title\" content=\"Hyllyst\u00f6tarkastukset - Mittaus ja Asennus Hynninen Oy\" \/>\n<meta property=\"og:description\" content=\"Kuormalavahyllyst\u00f6jen tarkastukset\u00a0 Teemme kuormalavahyllyst\u00f6jen tarkastuksia standardin SFS-EN 15635 mukaisesti. Kuormalavahyllyt on tarkastettava s\u00e4\u00e4nn\u00f6llisesti ja tarkastus on dokumentoitava asianmukaisesti: Ensimm\u00e4inen tarkastus on asennuksen j\u00e4lkeinen vastaanottotarkastus Oman henkil\u00f6st\u00f6n voimin s\u00e4\u00e4nn\u00f6llisesti kuormalavahyllyst\u00f6n k\u00e4ytt\u00f6asteen mukaisesti esim. viikoittain tai kuukausittain Tarkastusteht\u00e4v\u00e4\u00e4n p\u00e4tev\u00e4n henkil\u00f6st\u00f6n (sis\u00e4inen tai &hellip; Lue loppuun &rarr;\" \/>\n<meta property=\"og:url\" content=\"https:\/\/hyllymestarit.fi\/wordpress\/hyllystotarkastukset\/\" \/>\n<meta property=\"og:site_name\" content=\"Mittaus ja Asennus Hynninen Oy\" \/>\n<meta property=\"article:modified_time\" content=\"2024-10-25T15:07:59+00:00\" \/>\n<meta property=\"og:image\" content=\"http:\/\/hyllymestarit.fi\/wordpress\/wp-content\/uploads\/2020\/03\/HT-esittely.jpg\" \/>\n<meta name=\"twitter:card\" content=\"summary_large_image\" \/>\n<meta name=\"twitter:label1\" content=\"Arvioitu lukuaika\" \/>\n\t<meta name=\"twitter:data1\" content=\"4 minuuttia\" \/>\n<script type=\"application\/ld+json\" class=\"yoast-schema-graph\">{\"@context\":\"https:\\\/\\\/schema.org\",\"@graph\":[{\"@type\":\"WebPage\",\"@id\":\"https:\\\/\\\/hyllymestarit.fi\\\/wordpress\\\/hyllystotarkastukset\\\/\",\"url\":\"https:\\\/\\\/hyllymestarit.fi\\\/wordpress\\\/hyllystotarkastukset\\\/\",\"name\":\"Hyllyst\u00f6tarkastukset - Mittaus ja Asennus Hynninen Oy\",\"isPartOf\":{\"@id\":\"https:\\\/\\\/hyllymestarit.fi\\\/wordpress\\\/#website\"},\"primaryImageOfPage\":{\"@id\":\"https:\\\/\\\/hyllymestarit.fi\\\/wordpress\\\/hyllystotarkastukset\\\/#primaryimage\"},\"image\":{\"@id\":\"https:\\\/\\\/hyllymestarit.fi\\\/wordpress\\\/hyllystotarkastukset\\\/#primaryimage\"},\"thumbnailUrl\":\"http:\\\/\\\/hyllymestarit.fi\\\/wordpress\\\/wp-content\\\/uploads\\\/2020\\\/03\\\/HT-esittely.jpg\",\"datePublished\":\"2020-03-20T08:16:47+00:00\",\"dateModified\":\"2024-10-25T15:07:59+00:00\",\"breadcrumb\":{\"@id\":\"https:\\\/\\\/hyllymestarit.fi\\\/wordpress\\\/hyllystotarkastukset\\\/#breadcrumb\"},\"inLanguage\":\"fi\",\"potentialAction\":[{\"@type\":\"ReadAction\",\"target\":[\"https:\\\/\\\/hyllymestarit.fi\\\/wordpress\\\/hyllystotarkastukset\\\/\"]}]},{\"@type\":\"ImageObject\",\"inLanguage\":\"fi\",\"@id\":\"https:\\\/\\\/hyllymestarit.fi\\\/wordpress\\\/hyllystotarkastukset\\\/#primaryimage\",\"url\":\"http:\\\/\\\/hyllymestarit.fi\\\/wordpress\\\/wp-content\\\/uploads\\\/2020\\\/03\\\/HT-esittely.jpg\",\"contentUrl\":\"http:\\\/\\\/hyllymestarit.fi\\\/wordpress\\\/wp-content\\\/uploads\\\/2020\\\/03\\\/HT-esittely.jpg\"},{\"@type\":\"BreadcrumbList\",\"@id\":\"https:\\\/\\\/hyllymestarit.fi\\\/wordpress\\\/hyllystotarkastukset\\\/#breadcrumb\",\"itemListElement\":[{\"@type\":\"ListItem\",\"position\":1,\"name\":\"Home\",\"item\":\"https:\\\/\\\/hyllymestarit.fi\\\/wordpress\\\/\"},{\"@type\":\"ListItem\",\"position\":2,\"name\":\"Hyllyst\u00f6tarkastukset\"}]},{\"@type\":\"WebSite\",\"@id\":\"https:\\\/\\\/hyllymestarit.fi\\\/wordpress\\\/#website\",\"url\":\"https:\\\/\\\/hyllymestarit.fi\\\/wordpress\\\/\",\"name\":\"Mittaus ja Asennus Hynninen Oy\",\"description\":\"Sis\u00e4logistiikan asennusten asiantuntija\",\"potentialAction\":[{\"@type\":\"SearchAction\",\"target\":{\"@type\":\"EntryPoint\",\"urlTemplate\":\"https:\\\/\\\/hyllymestarit.fi\\\/wordpress\\\/?s={search_term_string}\"},\"query-input\":{\"@type\":\"PropertyValueSpecification\",\"valueRequired\":true,\"valueName\":\"search_term_string\"}}],\"inLanguage\":\"fi\"}]}<\/script>\n<!-- \/ Yoast SEO plugin. -->","yoast_head_json":{"title":"Hyllyst\u00f6tarkastukset - Mittaus ja Asennus Hynninen Oy","robots":{"index":"index","follow":"follow","max-snippet":"max-snippet:-1","max-image-preview":"max-image-preview:large","max-video-preview":"max-video-preview:-1"},"canonical":"https:\/\/hyllymestarit.fi\/wordpress\/hyllystotarkastukset\/","og_locale":"fi_FI","og_type":"article","og_title":"Hyllyst\u00f6tarkastukset - Mittaus ja Asennus Hynninen Oy","og_description":"Kuormalavahyllyst\u00f6jen tarkastukset\u00a0 Teemme kuormalavahyllyst\u00f6jen tarkastuksia standardin SFS-EN 15635 mukaisesti. Kuormalavahyllyt on tarkastettava s\u00e4\u00e4nn\u00f6llisesti ja tarkastus on dokumentoitava asianmukaisesti: Ensimm\u00e4inen tarkastus on asennuksen j\u00e4lkeinen vastaanottotarkastus Oman henkil\u00f6st\u00f6n voimin s\u00e4\u00e4nn\u00f6llisesti kuormalavahyllyst\u00f6n k\u00e4ytt\u00f6asteen mukaisesti esim. viikoittain tai kuukausittain Tarkastusteht\u00e4v\u00e4\u00e4n p\u00e4tev\u00e4n henkil\u00f6st\u00f6n (sis\u00e4inen tai &hellip; Lue loppuun &rarr;","og_url":"https:\/\/hyllymestarit.fi\/wordpress\/hyllystotarkastukset\/","og_site_name":"Mittaus ja Asennus Hynninen Oy","article_modified_time":"2024-10-25T15:07:59+00:00","og_image":[{"url":"http:\/\/hyllymestarit.fi\/wordpress\/wp-content\/uploads\/2020\/03\/HT-esittely.jpg","type":"","width":"","height":""}],"twitter_card":"summary_large_image","twitter_misc":{"Arvioitu lukuaika":"4 minuuttia"},"schema":{"@context":"https:\/\/schema.org","@graph":[{"@type":"WebPage","@id":"https:\/\/hyllymestarit.fi\/wordpress\/hyllystotarkastukset\/","url":"https:\/\/hyllymestarit.fi\/wordpress\/hyllystotarkastukset\/","name":"Hyllyst\u00f6tarkastukset - Mittaus ja Asennus Hynninen Oy","isPartOf":{"@id":"https:\/\/hyllymestarit.fi\/wordpress\/#website"},"primaryImageOfPage":{"@id":"https:\/\/hyllymestarit.fi\/wordpress\/hyllystotarkastukset\/#primaryimage"},"image":{"@id":"https:\/\/hyllymestarit.fi\/wordpress\/hyllystotarkastukset\/#primaryimage"},"thumbnailUrl":"http:\/\/hyllymestarit.fi\/wordpress\/wp-content\/uploads\/2020\/03\/HT-esittely.jpg","datePublished":"2020-03-20T08:16:47+00:00","dateModified":"2024-10-25T15:07:59+00:00","breadcrumb":{"@id":"https:\/\/hyllymestarit.fi\/wordpress\/hyllystotarkastukset\/#breadcrumb"},"inLanguage":"fi","potentialAction":[{"@type":"ReadAction","target":["https:\/\/hyllymestarit.fi\/wordpress\/hyllystotarkastukset\/"]}]},{"@type":"ImageObject","inLanguage":"fi","@id":"https:\/\/hyllymestarit.fi\/wordpress\/hyllystotarkastukset\/#primaryimage","url":"http:\/\/hyllymestarit.fi\/wordpress\/wp-content\/uploads\/2020\/03\/HT-esittely.jpg","contentUrl":"http:\/\/hyllymestarit.fi\/wordpress\/wp-content\/uploads\/2020\/03\/HT-esittely.jpg"},{"@type":"BreadcrumbList","@id":"https:\/\/hyllymestarit.fi\/wordpress\/hyllystotarkastukset\/#breadcrumb","itemListElement":[{"@type":"ListItem","position":1,"name":"Home","item":"https:\/\/hyllymestarit.fi\/wordpress\/"},{"@type":"ListItem","position":2,"name":"Hyllyst\u00f6tarkastukset"}]},{"@type":"WebSite","@id":"https:\/\/hyllymestarit.fi\/wordpress\/#website","url":"https:\/\/hyllymestarit.fi\/wordpress\/","name":"Mittaus ja Asennus Hynninen Oy","description":"Sis\u00e4logistiikan asennusten asiantuntija","potentialAction":[{"@type":"SearchAction","target":{"@type":"EntryPoint","urlTemplate":"https:\/\/hyllymestarit.fi\/wordpress\/?s={search_term_string}"},"query-input":{"@type":"PropertyValueSpecification","valueRequired":true,"valueName":"search_term_string"}}],"inLanguage":"fi"}]}},"jetpack_sharing_enabled":true,"jetpack_shortlink":"https:\/\/wp.me\/P8mabI-50","jetpack-related-posts":[{"id":487,"url":"https:\/\/hyllymestarit.fi\/wordpress\/irtainvarastot-2\/","url_meta":{"origin":310,"position":0},"title":"Irtainvarastot","author":"jarmoh","date":"25.10.2024","format":false,"excerpt":"Teemme irtainvarastojen suunnittelun, toimituksen ja asennukset ruotsalaisen Axelent SafeX Ab:n irtainvarastojen verkkomateriaaleista. Aina ei ole mahdollista korvata vanhoja irtainvarastoja kokonaan uusilla metalliverkkovarastoilla tai se koetaan liian vaikeaksi. Jotain olisi kuitenkin tarve tehd\u00e4: Ongelma\u00a0 Irtainvarastot, verkkokopit, verkkokomerot, verkkoh\u00e4kit \u2013 rakkaalla lapsella on monta nime\u00e4, nuo penteleet kerros- ja rivitalojen kellareissa ja\u2026","rel":"","context":"Samankaltainen artikkeli","block_context":{"text":"Samankaltainen artikkeli","link":""},"img":{"alt_text":"","src":"","width":0,"height":0},"classes":[]}],"_links":{"self":[{"href":"https:\/\/hyllymestarit.fi\/wordpress\/wp-json\/wp\/v2\/pages\/310","targetHints":{"allow":["GET"]}}],"collection":[{"href":"https:\/\/hyllymestarit.fi\/wordpress\/wp-json\/wp\/v2\/pages"}],"about":[{"href":"https:\/\/hyllymestarit.fi\/wordpress\/wp-json\/wp\/v2\/types\/page"}],"author":[{"embeddable":true,"href":"https:\/\/hyllymestarit.fi\/wordpress\/wp-json\/wp\/v2\/users\/1"}],"replies":[{"embeddable":true,"href":"https:\/\/hyllymestarit.fi\/wordpress\/wp-json\/wp\/v2\/comments?post=310"}],"version-history":[{"count":4,"href":"https:\/\/hyllymestarit.fi\/wordpress\/wp-json\/wp\/v2\/pages\/310\/revisions"}],"predecessor-version":[{"id":486,"href":"https:\/\/hyllymestarit.fi\/wordpress\/wp-json\/wp\/v2\/pages\/310\/revisions\/486"}],"wp:attachment":[{"href":"https:\/\/hyllymestarit.fi\/wordpress\/wp-json\/wp\/v2\/media?parent=310"}],"curies":[{"name":"wp","href":"https:\/\/api.w.org\/{rel}","templated":true}]}}