{"id":24,"date":"2017-03-14T10:31:44","date_gmt":"2017-03-14T10:31:44","guid":{"rendered":"http:\/\/hyllymestarit.fi\/wordpress\/?page_id=24"},"modified":"2024-10-25T18:26:05","modified_gmt":"2024-10-25T15:26:05","slug":"tietoa-meista","status":"publish","type":"page","link":"https:\/\/hyllymestarit.fi\/wordpress\/tietoa-meista\/","title":{"rendered":"Tietoa meist\u00e4"},"content":{"rendered":"<p>Yritys on perustettu vuonna 2006 tuottamaan asennuspalveluja varastologistiikan eri sektoreille.<\/p>\n<p>Perusperiaatteena toiminnassamme on alusta l\u00e4htien ollut, ett\u00e4\u00a0<em>laatu on ilmaista \u2013 virheet maksavat<\/em>.<\/p>\n<p>Tunnemme mm. ISO9000 laatuj\u00e4rjestelm\u00e4n eri tasojen vaatimukset ja yrityksen\u00e4 pystymme toimimaan joustavasti n\u00e4iden periaatteiden mukaan.<\/p>\n<p>Asennustoimintaamme ohjaa Varastolaitteiden Toimitus ja asennusehdot (VTA 2004), valmistajien ohjeet sek\u00e4 standardit.<\/p>\n<p><strong>TY\u00d6TURVALLISUUS<\/strong><br \/>\nNoudatamme toiminnassamme voimassa olevaa ty\u00f6turvallisuuslakia.<\/p>\n<p>Toimintamme on vakuutettu vastuu-, tapaturma- sek\u00e4 keskeytysvakuutuksin.<\/p>\n","protected":false},"excerpt":{"rendered":"<p>Yritys on perustettu vuonna 2006 tuottamaan asennuspalveluja varastologistiikan eri sektoreille. Perusperiaatteena toiminnassamme on alusta l\u00e4htien ollut, ett\u00e4\u00a0laatu on ilmaista \u2013 virheet maksavat. Tunnemme mm. ISO9000 laatuj\u00e4rjestelm\u00e4n eri tasojen vaatimukset ja yrityksen\u00e4 pystymme toimimaan joustavasti n\u00e4iden periaatteiden mukaan. Asennustoimintaamme ohjaa Varastolaitteiden &hellip; <a href=\"https:\/\/hyllymestarit.fi\/wordpress\/tietoa-meista\/\">Lue loppuun <span class=\"meta-nav\">&rarr;<\/span><\/a><\/p>\n","protected":false},"author":1,"featured_media":0,"parent":0,"menu_order":0,"comment_status":"closed","ping_status":"closed","template":"","meta":{"footnotes":""},"class_list":["post-24","page","type-page","status-publish","hentry"],"yoast_head":"<!-- This site is optimized with the Yoast SEO plugin v27.5 - https:\/\/yoast.com\/product\/yoast-seo-wordpress\/ -->\n<title>Tietoa meist\u00e4 - Mittaus ja Asennus Hynninen Oy<\/title>\n<meta name=\"robots\" content=\"index, follow, max-snippet:-1, max-image-preview:large, max-video-preview:-1\" \/>\n<link rel=\"canonical\" href=\"https:\/\/hyllymestarit.fi\/wordpress\/tietoa-meista\/\" \/>\n<meta property=\"og:locale\" content=\"fi_FI\" \/>\n<meta property=\"og:type\" content=\"article\" \/>\n<meta property=\"og:title\" content=\"Tietoa meist\u00e4 - Mittaus ja Asennus Hynninen Oy\" \/>\n<meta property=\"og:description\" content=\"Yritys on perustettu vuonna 2006 tuottamaan asennuspalveluja varastologistiikan eri sektoreille. Perusperiaatteena toiminnassamme on alusta l\u00e4htien ollut, ett\u00e4\u00a0laatu on ilmaista \u2013 virheet maksavat. Tunnemme mm. ISO9000 laatuj\u00e4rjestelm\u00e4n eri tasojen vaatimukset ja yrityksen\u00e4 pystymme toimimaan joustavasti n\u00e4iden periaatteiden mukaan. Asennustoimintaamme ohjaa Varastolaitteiden &hellip; Lue loppuun &rarr;\" \/>\n<meta property=\"og:url\" content=\"https:\/\/hyllymestarit.fi\/wordpress\/tietoa-meista\/\" \/>\n<meta property=\"og:site_name\" content=\"Mittaus ja Asennus Hynninen Oy\" \/>\n<meta property=\"article:modified_time\" content=\"2024-10-25T15:26:05+00:00\" \/>\n<meta name=\"twitter:card\" content=\"summary_large_image\" \/>\n<meta name=\"twitter:label1\" content=\"Arvioitu lukuaika\" \/>\n\t<meta name=\"twitter:data1\" content=\"1 minuutti\" \/>\n<script type=\"application\/ld+json\" class=\"yoast-schema-graph\">{\"@context\":\"https:\\\/\\\/schema.org\",\"@graph\":[{\"@type\":\"WebPage\",\"@id\":\"https:\\\/\\\/hyllymestarit.fi\\\/wordpress\\\/tietoa-meista\\\/\",\"url\":\"https:\\\/\\\/hyllymestarit.fi\\\/wordpress\\\/tietoa-meista\\\/\",\"name\":\"Tietoa meist\u00e4 - Mittaus ja Asennus Hynninen Oy\",\"isPartOf\":{\"@id\":\"https:\\\/\\\/hyllymestarit.fi\\\/wordpress\\\/#website\"},\"datePublished\":\"2017-03-14T10:31:44+00:00\",\"dateModified\":\"2024-10-25T15:26:05+00:00\",\"breadcrumb\":{\"@id\":\"https:\\\/\\\/hyllymestarit.fi\\\/wordpress\\\/tietoa-meista\\\/#breadcrumb\"},\"inLanguage\":\"fi\",\"potentialAction\":[{\"@type\":\"ReadAction\",\"target\":[\"https:\\\/\\\/hyllymestarit.fi\\\/wordpress\\\/tietoa-meista\\\/\"]}]},{\"@type\":\"BreadcrumbList\",\"@id\":\"https:\\\/\\\/hyllymestarit.fi\\\/wordpress\\\/tietoa-meista\\\/#breadcrumb\",\"itemListElement\":[{\"@type\":\"ListItem\",\"position\":1,\"name\":\"Home\",\"item\":\"https:\\\/\\\/hyllymestarit.fi\\\/wordpress\\\/\"},{\"@type\":\"ListItem\",\"position\":2,\"name\":\"Tietoa meist\u00e4\"}]},{\"@type\":\"WebSite\",\"@id\":\"https:\\\/\\\/hyllymestarit.fi\\\/wordpress\\\/#website\",\"url\":\"https:\\\/\\\/hyllymestarit.fi\\\/wordpress\\\/\",\"name\":\"Mittaus ja Asennus Hynninen Oy\",\"description\":\"Sis\u00e4logistiikan asennusten asiantuntija\",\"potentialAction\":[{\"@type\":\"SearchAction\",\"target\":{\"@type\":\"EntryPoint\",\"urlTemplate\":\"https:\\\/\\\/hyllymestarit.fi\\\/wordpress\\\/?s={search_term_string}\"},\"query-input\":{\"@type\":\"PropertyValueSpecification\",\"valueRequired\":true,\"valueName\":\"search_term_string\"}}],\"inLanguage\":\"fi\"}]}<\/script>\n<!-- \/ Yoast SEO plugin. -->","yoast_head_json":{"title":"Tietoa meist\u00e4 - Mittaus ja Asennus Hynninen Oy","robots":{"index":"index","follow":"follow","max-snippet":"max-snippet:-1","max-image-preview":"max-image-preview:large","max-video-preview":"max-video-preview:-1"},"canonical":"https:\/\/hyllymestarit.fi\/wordpress\/tietoa-meista\/","og_locale":"fi_FI","og_type":"article","og_title":"Tietoa meist\u00e4 - Mittaus ja Asennus Hynninen Oy","og_description":"Yritys on perustettu vuonna 2006 tuottamaan asennuspalveluja varastologistiikan eri sektoreille. Perusperiaatteena toiminnassamme on alusta l\u00e4htien ollut, ett\u00e4\u00a0laatu on ilmaista \u2013 virheet maksavat. Tunnemme mm. ISO9000 laatuj\u00e4rjestelm\u00e4n eri tasojen vaatimukset ja yrityksen\u00e4 pystymme toimimaan joustavasti n\u00e4iden periaatteiden mukaan. Asennustoimintaamme ohjaa Varastolaitteiden &hellip; Lue loppuun &rarr;","og_url":"https:\/\/hyllymestarit.fi\/wordpress\/tietoa-meista\/","og_site_name":"Mittaus ja Asennus Hynninen Oy","article_modified_time":"2024-10-25T15:26:05+00:00","twitter_card":"summary_large_image","twitter_misc":{"Arvioitu lukuaika":"1 minuutti"},"schema":{"@context":"https:\/\/schema.org","@graph":[{"@type":"WebPage","@id":"https:\/\/hyllymestarit.fi\/wordpress\/tietoa-meista\/","url":"https:\/\/hyllymestarit.fi\/wordpress\/tietoa-meista\/","name":"Tietoa meist\u00e4 - Mittaus ja Asennus Hynninen Oy","isPartOf":{"@id":"https:\/\/hyllymestarit.fi\/wordpress\/#website"},"datePublished":"2017-03-14T10:31:44+00:00","dateModified":"2024-10-25T15:26:05+00:00","breadcrumb":{"@id":"https:\/\/hyllymestarit.fi\/wordpress\/tietoa-meista\/#breadcrumb"},"inLanguage":"fi","potentialAction":[{"@type":"ReadAction","target":["https:\/\/hyllymestarit.fi\/wordpress\/tietoa-meista\/"]}]},{"@type":"BreadcrumbList","@id":"https:\/\/hyllymestarit.fi\/wordpress\/tietoa-meista\/#breadcrumb","itemListElement":[{"@type":"ListItem","position":1,"name":"Home","item":"https:\/\/hyllymestarit.fi\/wordpress\/"},{"@type":"ListItem","position":2,"name":"Tietoa meist\u00e4"}]},{"@type":"WebSite","@id":"https:\/\/hyllymestarit.fi\/wordpress\/#website","url":"https:\/\/hyllymestarit.fi\/wordpress\/","name":"Mittaus ja Asennus Hynninen Oy","description":"Sis\u00e4logistiikan asennusten asiantuntija","potentialAction":[{"@type":"SearchAction","target":{"@type":"EntryPoint","urlTemplate":"https:\/\/hyllymestarit.fi\/wordpress\/?s={search_term_string}"},"query-input":{"@type":"PropertyValueSpecification","valueRequired":true,"valueName":"search_term_string"}}],"inLanguage":"fi"}]}},"jetpack_sharing_enabled":true,"jetpack_shortlink":"https:\/\/wp.me\/P8mabI-o","jetpack-related-posts":[{"id":487,"url":"https:\/\/hyllymestarit.fi\/wordpress\/irtainvarastot-2\/","url_meta":{"origin":24,"position":0},"title":"Irtainvarastot","author":"jarmoh","date":"25.10.2024","format":false,"excerpt":"Teemme irtainvarastojen suunnittelun, toimituksen ja asennukset ruotsalaisen Axelent SafeX Ab:n irtainvarastojen verkkomateriaaleista. Aina ei ole mahdollista korvata vanhoja irtainvarastoja kokonaan uusilla metalliverkkovarastoilla tai se koetaan liian vaikeaksi. Jotain olisi kuitenkin tarve tehd\u00e4: Ongelma\u00a0 Irtainvarastot, verkkokopit, verkkokomerot, verkkoh\u00e4kit \u2013 rakkaalla lapsella on monta nime\u00e4, nuo penteleet kerros- ja rivitalojen kellareissa ja\u2026","rel":"","context":"Samankaltainen artikkeli","block_context":{"text":"Samankaltainen artikkeli","link":""},"img":{"alt_text":"","src":"","width":0,"height":0},"classes":[]},{"id":59,"url":"https:\/\/hyllymestarit.fi\/wordpress\/","url_meta":{"origin":24,"position":1},"title":"Olemme vuonna 2006 perustettu irtainvarastojen,\u2026","author":"jarmoh","date":"14.3.2017","format":false,"excerpt":"Olemme vuonna 2006 perustettu irtainvarastojen, varasto- ja ty\u00f6pistekalusteiden asennusyritys. Meist\u00e4 saat osaavan ja luotettavan kumppanin vaativiinkin\u00a0varastokalusteiden, ty\u00f6pistekalusteiden ja irtainvarastojen\u00a0asennust\u00f6ihin. Palvelun laatu ja asennusten selkeys on meille ykk\u00f6sasia. Jos toimituksissa on virheit\u00e4 tai puutteita, selvit\u00e4mme asiat suoraan toimittajan kanssa, selvit\u00e4mme vaihtoehdot ja kerromme ratkaisun. Asennukset Erilaisten arkisto- ja varastokalusteiden, kuten kuormalava-,\u2026","rel":"","context":"Samankaltainen artikkeli","block_context":{"text":"Samankaltainen artikkeli","link":""},"img":{"alt_text":"","src":"https:\/\/i0.wp.com\/hyllymestarit.fi\/wordpress\/wp-content\/uploads\/2024\/10\/TEXTLEFT_WHITE_1080x265.png?resize=350%2C200","width":350,"height":200,"srcset":"https:\/\/i0.wp.com\/hyllymestarit.fi\/wordpress\/wp-content\/uploads\/2024\/10\/TEXTLEFT_WHITE_1080x265.png?resize=350%2C200 1x, https:\/\/i0.wp.com\/hyllymestarit.fi\/wordpress\/wp-content\/uploads\/2024\/10\/TEXTLEFT_WHITE_1080x265.png?resize=525%2C300 1.5x, https:\/\/i0.wp.com\/hyllymestarit.fi\/wordpress\/wp-content\/uploads\/2024\/10\/TEXTLEFT_WHITE_1080x265.png?resize=700%2C400 2x, https:\/\/i0.wp.com\/hyllymestarit.fi\/wordpress\/wp-content\/uploads\/2024\/10\/TEXTLEFT_WHITE_1080x265.png?resize=1050%2C600 3x"},"classes":[]},{"id":310,"url":"https:\/\/hyllymestarit.fi\/wordpress\/hyllystotarkastukset\/","url_meta":{"origin":24,"position":2},"title":"Hyllyst\u00f6tarkastukset","author":"jarmoh","date":"20.3.2020","format":false,"excerpt":"Kuormalavahyllyst\u00f6jen tarkastukset\u00a0 Teemme kuormalavahyllyst\u00f6jen tarkastuksia standardin SFS-EN 15635 mukaisesti. Kuormalavahyllyt on tarkastettava s\u00e4\u00e4nn\u00f6llisesti ja tarkastus on dokumentoitava asianmukaisesti: Ensimm\u00e4inen tarkastus on asennuksen j\u00e4lkeinen vastaanottotarkastus Oman henkil\u00f6st\u00f6n voimin s\u00e4\u00e4nn\u00f6llisesti kuormalavahyllyst\u00f6n k\u00e4ytt\u00f6asteen mukaisesti esim. viikoittain tai kuukausittain Tarkastusteht\u00e4v\u00e4\u00e4n p\u00e4tev\u00e4n henkil\u00f6st\u00f6n (sis\u00e4inen tai ulkoinen) toimesta perusteellinen tarkastus 12 kk v\u00e4lein Jokaisessa em. vaiheessa\u2026","rel":"","context":"Samankaltainen artikkeli","block_context":{"text":"Samankaltainen artikkeli","link":""},"img":{"alt_text":"HT-esittely","src":"https:\/\/i0.wp.com\/hyllymestarit.fi\/wordpress\/wp-content\/uploads\/2020\/03\/HT-esittely.jpg?resize=350%2C200","width":350,"height":200,"srcset":"https:\/\/i0.wp.com\/hyllymestarit.fi\/wordpress\/wp-content\/uploads\/2020\/03\/HT-esittely.jpg?resize=350%2C200 1x, https:\/\/i0.wp.com\/hyllymestarit.fi\/wordpress\/wp-content\/uploads\/2020\/03\/HT-esittely.jpg?resize=525%2C300 1.5x, https:\/\/i0.wp.com\/hyllymestarit.fi\/wordpress\/wp-content\/uploads\/2020\/03\/HT-esittely.jpg?resize=700%2C400 2x"},"classes":[]},{"id":8,"url":"https:\/\/hyllymestarit.fi\/wordpress\/palvelumme\/","url_meta":{"origin":24,"position":3},"title":"Palvelumme","author":"jarmoh","date":"14.3.2017","format":false,"excerpt":"Palvelumme Varastokalusteiden asennus; kerros-, kuormalava-, syv\u00e4kuormaus-, uloke-, siirto- ja pientavarahyllyt sek\u00e4 myym\u00e4l\u00e4kalusteet. N\u00e4ihin liittyv\u00e4t purku-, siirto-, kuljetus- ja uudelleenasennukset Varasto- ja materiaalink\u00e4sittelylaitteiden asennus Osoitekilpien, osoitetarrojen, toimitus ja asennus (my\u00f6s viivakoodeilla) Lis\u00e4varusteiden asennus, kuntotarkastus, vaurioiden korjaus Turvavarusteiden asennus (t\u00f6rm\u00e4yssuojat, verkkosuojasein\u00e4t) Laitesuojaverkkojen asennus Ty\u00f6pistekalusteiden asennusty\u00f6t Pienvarastojen asennus elementeist\u00e4 Irtain\/verkkovarastojen asennus","rel":"","context":"Samankaltainen artikkeli","block_context":{"text":"Samankaltainen artikkeli","link":""},"img":{"alt_text":"","src":"","width":0,"height":0},"classes":[]}],"_links":{"self":[{"href":"https:\/\/hyllymestarit.fi\/wordpress\/wp-json\/wp\/v2\/pages\/24","targetHints":{"allow":["GET"]}}],"collection":[{"href":"https:\/\/hyllymestarit.fi\/wordpress\/wp-json\/wp\/v2\/pages"}],"about":[{"href":"https:\/\/hyllymestarit.fi\/wordpress\/wp-json\/wp\/v2\/types\/page"}],"author":[{"embeddable":true,"href":"https:\/\/hyllymestarit.fi\/wordpress\/wp-json\/wp\/v2\/users\/1"}],"replies":[{"embeddable":true,"href":"https:\/\/hyllymestarit.fi\/wordpress\/wp-json\/wp\/v2\/comments?post=24"}],"version-history":[{"count":10,"href":"https:\/\/hyllymestarit.fi\/wordpress\/wp-json\/wp\/v2\/pages\/24\/revisions"}],"predecessor-version":[{"id":494,"href":"https:\/\/hyllymestarit.fi\/wordpress\/wp-json\/wp\/v2\/pages\/24\/revisions\/494"}],"wp:attachment":[{"href":"https:\/\/hyllymestarit.fi\/wordpress\/wp-json\/wp\/v2\/media?parent=24"}],"curies":[{"name":"wp","href":"https:\/\/api.w.org\/{rel}","templated":true}]}}